{"id":4666,"date":"2025-05-29T06:40:04","date_gmt":"2025-05-29T11:40:04","guid":{"rendered":"https:\/\/bollig-engineering.com\/?page_id=4666"},"modified":"2025-06-02T15:38:57","modified_gmt":"2025-06-02T20:38:57","slug":"donation-request","status":"publish","type":"page","link":"https:\/\/bollig-engineering.com\/es\/donation-request\/","title":{"rendered":"Formulario de solicitud de donaci\u00f3n"},"content":{"rendered":"\t\t<div data-elementor-type=\"wp-page\" data-elementor-id=\"4666\" class=\"elementor elementor-4666\" data-elementor-post-type=\"page\">\n\t\t\t\t<div class=\"elementor-element elementor-element-252ccf4 e-flex e-con-boxed e-con e-parent\" data-id=\"252ccf4\" data-element_type=\"container\" data-e-type=\"container\" data-settings=\"{&quot;background_background&quot;:&quot;classic&quot;,&quot;jet_parallax_layout_list&quot;:[]}\">\n\t\t\t\t\t<div class=\"e-con-inner\">\n\t\t<div class=\"elementor-element elementor-element-18e9cda e-flex e-con-boxed e-con e-child\" data-id=\"18e9cda\" data-element_type=\"container\" data-e-type=\"container\" data-settings=\"{&quot;background_background&quot;:&quot;classic&quot;,&quot;jet_parallax_layout_list&quot;:[]}\">\n\t\t\t\t\t<div class=\"e-con-inner\">\n\t\t\t\t<div class=\"elementor-element elementor-element-17da885 elementor-widget elementor-widget-breadcrumbs\" data-id=\"17da885\" data-element_type=\"widget\" data-e-type=\"widget\" data-widget_type=\"breadcrumbs.default\">\n\t\t\t\t<div class=\"elementor-widget-container\">\n\t\t\t\t\t<p id=\"breadcrumbs\"><span><span><a href=\"https:\/\/bollig-engineering.com\/\">Home<\/a><\/span><\/span><\/p>\t\t\t\t<\/div>\n\t\t\t\t<\/div>\n\t\t\t\t\t<\/div>\n\t\t\t\t<\/div>\n\t\t\t\t\t<\/div>\n\t\t\t\t<\/div>\n\t\t<div class=\"elementor-element elementor-element-db2db54 e-flex e-con-boxed e-con e-parent\" data-id=\"db2db54\" data-element_type=\"container\" data-e-type=\"container\" data-settings=\"{&quot;jet_parallax_layout_list&quot;:[]}\">\n\t\t\t\t\t<div class=\"e-con-inner\">\n\t\t<div class=\"elementor-element elementor-element-d165ffd e-con-full e-flex e-con e-child\" data-id=\"d165ffd\" data-element_type=\"container\" data-e-type=\"container\" data-settings=\"{&quot;jet_parallax_layout_list&quot;:[]}\">\n\t\t\t\t<div class=\"elementor-element elementor-element-6d78aac elementor-widget elementor-widget-heading\" data-id=\"6d78aac\" data-element_type=\"widget\" data-e-type=\"widget\" data-widget_type=\"heading.default\">\n\t\t\t\t<div class=\"elementor-widget-container\">\n\t\t\t\t\t<p class=\"elementor-heading-title elementor-size-default\">Donation Request<\/p>\t\t\t\t<\/div>\n\t\t\t\t<\/div>\n\t\t\t\t<div class=\"elementor-element elementor-element-f5f3fe9 elementor-widget elementor-widget-heading\" data-id=\"f5f3fe9\" data-element_type=\"widget\" data-e-type=\"widget\" data-widget_type=\"heading.default\">\n\t\t\t\t<div class=\"elementor-widget-container\">\n\t\t\t\t\t<h2 class=\"elementor-heading-title elementor-size-default\">\nWe\u2019re proud to support the small cities we serve and are honored to be considered for your event.<\/h2>\t\t\t\t<\/div>\n\t\t\t\t<\/div>\n\t\t\t\t<div class=\"elementor-element elementor-element-a20c3e7 elementor-widget elementor-widget-text-editor\" data-id=\"a20c3e7\" data-element_type=\"widget\" data-e-type=\"widget\" data-widget_type=\"text-editor.default\">\n\t\t\t\t<div class=\"elementor-widget-container\">\n\t\t\t\t\t\t\t\t\t<p>Because we receive more donation requests than we can fulfill, we focus our giving on city-sponsored events for clients we serve. While we may not be able to honor every request, we truly appreciate all the work you do to bring people together in your community\u2014and we\u2019re grateful to be part of it. Please tell us more about your event using the form below.<\/p>\t\t\t\t\t\t\t\t<\/div>\n\t\t\t\t<\/div>\n\t\t\t\t<div class=\"elementor-element elementor-element-fcebb35 elementor-button-align-start but elementor-widget elementor-widget-form\" data-id=\"fcebb35\" data-element_type=\"widget\" data-e-type=\"widget\" data-settings=\"{&quot;step_next_label&quot;:&quot;Next&quot;,&quot;step_previous_label&quot;:&quot;Previous&quot;,&quot;button_width&quot;:&quot;100&quot;,&quot;step_type&quot;:&quot;number_text&quot;,&quot;step_icon_shape&quot;:&quot;circle&quot;}\" data-widget_type=\"form.default\">\n\t\t\t\t<div class=\"elementor-widget-container\">\n\t\t\t\t\t\t\t<form class=\"elementor-form\" method=\"post\" name=\"New Form\" aria-label=\"New Form\">\n\t\t\t<input type=\"hidden\" name=\"post_id\" value=\"4666\"\/>\n\t\t\t<input type=\"hidden\" name=\"form_id\" value=\"fcebb35\"\/>\n\t\t\t<input type=\"hidden\" name=\"referer_title\" value=\"Bollig Engineering\" \/>\n\n\t\t\t\n\t\t\t<div class=\"elementor-form-fields-wrapper elementor-labels-above\">\n\t\t\t\t\t\t\t\t<div class=\"elementor-field-type-html elementor-field-group elementor-column elementor-field-group-field_696bb37 elementor-col-100\">\n\t\t\t\t\t<h3>Event Information<\/h3>\t\t\t\t<\/div>\n\t\t\t\t\t\t\t\t<div class=\"elementor-field-type-text elementor-field-group elementor-column elementor-field-group-name elementor-col-100 elementor-field-required elementor-mark-required\">\n\t\t\t\t\t\t\t\t\t\t\t\t<label for=\"form-field-name\" class=\"elementor-field-label\">\n\t\t\t\t\t\t\t\tCity Name\t\t\t\t\t\t\t<\/label>\n\t\t\t\t\t\t\t\t\t\t\t\t\t\t<input size=\"1\" type=\"text\" name=\"form_fields[name]\" id=\"form-field-name\" class=\"elementor-field elementor-size-sm  elementor-field-textual\" placeholder=\"*Only municipal-sponsored events are eligible.\" required=\"required\">\n\t\t\t\t\t\t\t\t\t\t\t<\/div>\n\t\t\t\t\t\t\t\t<div class=\"elementor-field-type-radio elementor-field-group elementor-column elementor-field-group-field_1330324 elementor-col-100 elementor-field-required elementor-mark-required\">\n\t\t\t\t\t\t\t\t\t\t\t\t<label for=\"form-field-field_1330324\" class=\"elementor-field-label\">\n\t\t\t\t\t\t\t\tIs this event sponsored or organized by the City?<br><b>Note:<\/b> We only support municipally sponsored events.\t\t\t\t\t\t\t<\/label>\n\t\t\t\t\t\t<div class=\"elementor-field-subgroup  elementor-subgroup-inline\"><span class=\"elementor-field-option\"><input type=\"radio\" value=\" Yes\" id=\"form-field-field_1330324-0\" name=\"form_fields[field_1330324]\" required=\"required\"> <label for=\"form-field-field_1330324-0\">Yes <\/label><\/span><span class=\"elementor-field-option\"><input type=\"radio\" value=\" No\" id=\"form-field-field_1330324-1\" name=\"form_fields[field_1330324]\" required=\"required\"> <label for=\"form-field-field_1330324-1\">No <\/label><\/span><\/div>\t\t\t\t<\/div>\n\t\t\t\t\t\t\t\t<div class=\"elementor-field-type-text elementor-field-group elementor-column elementor-field-group-field_b27dd73 elementor-col-50 elementor-field-required elementor-mark-required\">\n\t\t\t\t\t\t\t\t\t\t\t\t<label for=\"form-field-field_b27dd73\" class=\"elementor-field-label\">\n\t\t\t\t\t\t\t\tName of Event\t\t\t\t\t\t\t<\/label>\n\t\t\t\t\t\t\t\t\t\t\t\t\t\t<input size=\"1\" type=\"text\" name=\"form_fields[field_b27dd73]\" id=\"form-field-field_b27dd73\" class=\"elementor-field elementor-size-sm  elementor-field-textual\" required=\"required\">\n\t\t\t\t\t\t\t\t\t\t\t<\/div>\n\t\t\t\t\t\t\t\t<div class=\"elementor-field-type-date elementor-field-group elementor-column elementor-field-group-field_184dd77 elementor-col-50 elementor-field-required elementor-mark-required\">\n\t\t\t\t\t\t\t\t\t\t\t\t<label for=\"form-field-field_184dd77\" class=\"elementor-field-label\">\n\t\t\t\t\t\t\t\tDate of Event \t\t\t\t\t\t\t<\/label>\n\t\t\t\t\t\t\n\t\t<input type=\"date\" name=\"form_fields[field_184dd77]\" id=\"form-field-field_184dd77\" class=\"elementor-field elementor-size-sm  elementor-field-textual elementor-date-field elementor-use-native\" required=\"required\" pattern=\"[0-9]{4}-[0-9]{2}-[0-9]{2}\">\n\t\t\t\t\t\t<\/div>\n\t\t\t\t\t\t\t\t<div class=\"elementor-field-type-text elementor-field-group elementor-column elementor-field-group-field_84b5406 elementor-col-100 elementor-field-required elementor-mark-required\">\n\t\t\t\t\t\t\t\t\t\t\t\t<label for=\"form-field-field_84b5406\" class=\"elementor-field-label\">\n\t\t\t\t\t\t\t\tAmount Requested\t\t\t\t\t\t\t<\/label>\n\t\t\t\t\t\t\t\t\t\t\t\t\t\t<input size=\"1\" type=\"text\" name=\"form_fields[field_84b5406]\" id=\"form-field-field_84b5406\" class=\"elementor-field elementor-size-sm  elementor-field-textual\" required=\"required\">\n\t\t\t\t\t\t\t\t\t\t\t<\/div>\n\t\t\t\t\t\t\t\t<div class=\"elementor-field-type-upload elementor-field-group elementor-column elementor-field-group-field_ef7d290 elementor-col-100\">\n\t\t\t\t\t\t\t\t\t\t\t\t<label for=\"form-field-field_ef7d290\" class=\"elementor-field-label\">\n\t\t\t\t\t\t\t\tUpload a Letter or Additional Event Information (PDF preferred)\t\t\t\t\t\t\t<\/label>\n\t\t\t\t\t\t\t\t<input type=\"file\" name=\"form_fields[field_ef7d290]\" id=\"form-field-field_ef7d290\" class=\"elementor-field elementor-size-sm  elementor-upload-field\">\n\n\t\t\t\t\t\t<\/div>\n\t\t\t\t\t\t\t\t<div class=\"elementor-field-type-textarea elementor-field-group elementor-column elementor-field-group-field_c7d425e elementor-col-100\">\n\t\t\t\t\t\t\t\t\t\t\t\t<label for=\"form-field-field_c7d425e\" class=\"elementor-field-label\">\n\t\t\t\t\t\t\t\tBrief Description of the Event or How Funds Will Be Used\t\t\t\t\t\t\t<\/label>\n\t\t\t\t\t\t<textarea class=\"elementor-field-textual elementor-field  elementor-size-sm\" name=\"form_fields[field_c7d425e]\" id=\"form-field-field_c7d425e\" rows=\"2\" placeholder=\"*If no letter is uploaded.\"><\/textarea>\t\t\t\t<\/div>\n\t\t\t\t\t\t\t\t<div class=\"elementor-field-type-recaptcha_v3 elementor-field-group elementor-column elementor-field-group-field_f6abcfb elementor-col-100 recaptcha_v3-bottomright\">\n\t\t\t\t\t<div class=\"elementor-field\" id=\"form-field-field_f6abcfb\"><div class=\"elementor-g-recaptcha\" data-sitekey=\"6Leng20pAAAAAHVbbHsfuBUmkZl9z-A_nwsAshGz\" data-type=\"v3\" data-action=\"Form\" data-badge=\"bottomright\" data-size=\"invisible\"><\/div><\/div>\t\t\t\t<\/div>\n\t\t\t\t\t\t\t\t<div class=\"elementor-field-type-html elementor-field-group elementor-column elementor-field-group-field_75074f0 elementor-col-100\">\n\t\t\t\t\t<h3>Marketing & Recognition<\/h3>\t\t\t\t<\/div>\n\t\t\t\t\t\t\t\t<div class=\"elementor-field-type-checkbox elementor-field-group elementor-column elementor-field-group-field_936fcbb elementor-col-100\">\n\t\t\t\t\t\t\t\t\t\t\t\t<label for=\"form-field-field_936fcbb\" class=\"elementor-field-label\">\n\t\t\t\t\t\t\t\tWill this donation include exposure of Bollig Engineering\u2019s:\t\t\t\t\t\t\t<\/label>\n\t\t\t\t\t\t<div class=\"elementor-field-subgroup  \"><span class=\"elementor-field-option\"><input type=\"checkbox\" value=\" Logo\" id=\"form-field-field_936fcbb-0\" name=\"form_fields[field_936fcbb][]\"> <label for=\"form-field-field_936fcbb-0\">Logo <\/label><\/span><span class=\"elementor-field-option\"><input type=\"checkbox\" value=\" Website link\" id=\"form-field-field_936fcbb-1\" name=\"form_fields[field_936fcbb][]\"> <label for=\"form-field-field_936fcbb-1\">Website link <\/label><\/span><span class=\"elementor-field-option\"><input type=\"checkbox\" value=\" Social Media\" id=\"form-field-field_936fcbb-2\" name=\"form_fields[field_936fcbb][]\"> <label for=\"form-field-field_936fcbb-2\">Social Media <\/label><\/span><span class=\"elementor-field-option\"><input type=\"checkbox\" value=\" Other (please describe)\" id=\"form-field-field_936fcbb-3\" name=\"form_fields[field_936fcbb][]\"> <label for=\"form-field-field_936fcbb-3\">Other (please describe) <\/label><\/span><\/div>\t\t\t\t<\/div>\n\t\t\t\t\t\t\t\t<div class=\"elementor-field-type-textarea elementor-field-group elementor-column elementor-field-group-field_b53567a elementor-col-100\">\n\t\t\t\t\t\t\t\t\t\t\t\t<label for=\"form-field-field_b53567a\" class=\"elementor-field-label\">\n\t\t\t\t\t\t\t\tPlease Describe (if applicable)\t\t\t\t\t\t\t<\/label>\n\t\t\t\t\t\t<textarea class=\"elementor-field-textual elementor-field  elementor-size-sm\" name=\"form_fields[field_b53567a]\" id=\"form-field-field_b53567a\" rows=\"4\"><\/textarea>\t\t\t\t<\/div>\n\t\t\t\t\t\t\t\t<div class=\"elementor-field-type-text elementor-field-group elementor-column elementor-field-group-field_4c52d72 elementor-col-50\">\n\t\t\t\t\t\t\t\t\t\t\t\t<label for=\"form-field-field_4c52d72\" class=\"elementor-field-label\">\n\t\t\t\t\t\t\t\tDeadline for Receiving Donation or Logo\t\t\t\t\t\t\t<\/label>\n\t\t\t\t\t\t\t\t\t\t\t\t\t\t<input size=\"1\" type=\"text\" name=\"form_fields[field_4c52d72]\" id=\"form-field-field_4c52d72\" class=\"elementor-field elementor-size-sm  elementor-field-textual\">\n\t\t\t\t\t\t\t\t\t\t\t<\/div>\n\t\t\t\t\t\t\t\t<div class=\"elementor-field-type-text elementor-field-group elementor-column elementor-field-group-field_fe44753 elementor-col-50\">\n\t\t\t\t\t\t\t\t\t\t\t\t<label for=\"form-field-field_fe44753\" class=\"elementor-field-label\">\n\t\t\t\t\t\t\t\tEvent Website or Social Media Page\t\t\t\t\t\t\t<\/label>\n\t\t\t\t\t\t\t\t\t\t\t\t\t\t<input size=\"1\" type=\"text\" name=\"form_fields[field_fe44753]\" id=\"form-field-field_fe44753\" class=\"elementor-field elementor-size-sm  elementor-field-textual\">\n\t\t\t\t\t\t\t\t\t\t\t<\/div>\n\t\t\t\t\t\t\t\t<div class=\"elementor-field-type-html elementor-field-group elementor-column elementor-field-group-field_20776e5 elementor-col-100\">\n\t\t\t\t\t<h3>Contact Information<\/h3>\t\t\t\t<\/div>\n\t\t\t\t\t\t\t\t<div class=\"elementor-field-type-text elementor-field-group elementor-column elementor-field-group-field_f196a61 elementor-col-50 elementor-field-required elementor-mark-required\">\n\t\t\t\t\t\t\t\t\t\t\t\t<label for=\"form-field-field_f196a61\" class=\"elementor-field-label\">\n\t\t\t\t\t\t\t\tContact Name\t\t\t\t\t\t\t<\/label>\n\t\t\t\t\t\t\t\t\t\t\t\t\t\t<input size=\"1\" type=\"text\" name=\"form_fields[field_f196a61]\" id=\"form-field-field_f196a61\" class=\"elementor-field elementor-size-sm  elementor-field-textual\" required=\"required\">\n\t\t\t\t\t\t\t\t\t\t\t<\/div>\n\t\t\t\t\t\t\t\t<div class=\"elementor-field-type-text elementor-field-group elementor-column elementor-field-group-field_127e12f elementor-col-50 elementor-field-required elementor-mark-required\">\n\t\t\t\t\t\t\t\t\t\t\t\t<label for=\"form-field-field_127e12f\" class=\"elementor-field-label\">\n\t\t\t\t\t\t\t\tContact Email\t\t\t\t\t\t\t<\/label>\n\t\t\t\t\t\t\t\t\t\t\t\t\t\t<input size=\"1\" type=\"text\" name=\"form_fields[field_127e12f]\" id=\"form-field-field_127e12f\" class=\"elementor-field elementor-size-sm  elementor-field-textual\" placeholder=\"For questions or where to send digital logo.\" required=\"required\">\n\t\t\t\t\t\t\t\t\t\t\t<\/div>\n\t\t\t\t\t\t\t\t<div class=\"elementor-field-type-text elementor-field-group elementor-column elementor-field-group-field_2da7a4e elementor-col-100 elementor-field-required elementor-mark-required\">\n\t\t\t\t\t\t\t\t\t\t\t\t<label for=\"form-field-field_2da7a4e\" class=\"elementor-field-label\">\n\t\t\t\t\t\t\t\tMailing Address for Check\t\t\t\t\t\t\t<\/label>\n\t\t\t\t\t\t\t\t\t\t\t\t\t\t<input size=\"1\" type=\"text\" name=\"form_fields[field_2da7a4e]\" id=\"form-field-field_2da7a4e\" class=\"elementor-field elementor-size-sm  elementor-field-textual\" placeholder=\"Checks must be made out to the City.\" required=\"required\">\n\t\t\t\t\t\t\t\t\t\t\t<\/div>\n\t\t\t\t\t\t\t\t<div class=\"elementor-field-group elementor-column elementor-field-type-submit elementor-col-100 e-form__buttons\">\n\t\t\t\t\t<button class=\"elementor-button elementor-size-sm\" type=\"submit\">\n\t\t\t\t\t\t<span class=\"elementor-button-content-wrapper\">\n\t\t\t\t\t\t\t\t\t\t\t\t\t\t\t<span class=\"elementor-button-icon\">\n\t\t\t\t\t\t\t\t\t<svg xmlns=\"http:\/\/www.w3.org\/2000\/svg\" id=\"Layer_2\" data-name=\"Layer 2\" viewBox=\"0 0 214.74 109.4\"><defs><style>      .cls-1 {        stroke-width: 0px;      }    <\/style><\/defs><g id=\"Layer_1-2\" data-name=\"Layer 1\"><g id=\"Layer_1-2\" data-name=\"Layer 1-2\"><g id=\"Layer_1-27\" data-name=\"Layer 1-27\"><path class=\"cls-1\" d=\"M156.66,1.44c-1.93,1.92-1.95,5.04-.03,6.97,0,0,.02.02.03.03l41.32,41.32H4.72C1.99,49.88-.12,52.19,0,54.92c.11,2.55,2.16,4.6,4.71,4.71h193.26l-41.32,41.32c-1.93,1.93-1.93,5.07,0,7s5.07,1.93,7,0h0l49.74-49.74c.12-.11.23-.23.33-.36l.07-.1c.08-.09.15-.18.21-.28l.06-.09c.07-.11.13-.22.19-.33v-.06c.07-.12.13-.25.18-.38h0c.06-.13.11-.27.15-.41h0c.05-.14.09-.28.11-.42v-.11s0-.24.05-.36v-.99c0-.12,0-.24-.05-.36s0-.08,0-.12-.07-.28-.11-.42,0,0,0,0c-.04-.14-.09-.28-.15-.42h0c-.05-.13-.12-.26-.18-.38h0c-.06-.12-.13-.23-.2-.34,0-.03-.03-.06-.05-.08l-.22-.3-.06-.09c-.11-.12-.21-.24-.33-.35L163.63,1.44c-1.93-1.92-5.04-1.92-6.97,0Z\"><\/path><\/g><\/g><\/g><\/svg>\t\t\t\t\t\t\t\t\t\t\t\t\t\t\t\t\t<\/span>\n\t\t\t\t\t\t\t\t\t\t\t\t\t\t\t\t\t\t\t\t\t\t<span class=\"elementor-button-text\">Submit<\/span>\n\t\t\t\t\t\t\t\t\t\t\t\t\t<\/span>\n\t\t\t\t\t<\/button>\n\t\t\t\t<\/div>\n\t\t\t<\/div>\n\t\t<\/form>\n\t\t\t\t\t\t<\/div>\n\t\t\t\t<\/div>\n\t\t\t\t<\/div>\n\t\t\t\t\t<\/div>\n\t\t\t\t<\/div>\n\t\t\t\t<\/div>\n\t\t","protected":false},"excerpt":{"rendered":"<p>Donation Request We\u2019re proud to support the small cities we serve and are honored to be considered for your event. Because we receive more donation requests than we can fulfill, we focus our giving on city-sponsored events for clients we serve. While we may not be able to honor every request, we truly appreciate all [&hellip;]<\/p>\n","protected":false},"author":1,"featured_media":0,"parent":0,"menu_order":0,"comment_status":"closed","ping_status":"closed","template":"elementor_header_footer","meta":{"footnotes":""},"class_list":["post-4666","page","type-page","status-publish","hentry"],"yoast_head":"<!-- This site is optimized with the Yoast SEO Premium plugin v27.3 (Yoast SEO v27.3) - https:\/\/yoast.com\/product\/yoast-seo-premium-wordpress\/ -->\n<title>Donation Request Form - Bollig Engineering<\/title>\n<meta name=\"robots\" content=\"index, follow, max-snippet:-1, max-image-preview:large, max-video-preview:-1\" \/>\n<link rel=\"canonical\" href=\"https:\/\/bollig-engineering.com\/es\/donation-request\/\" \/>\n<meta property=\"og:locale\" content=\"es_MX\" \/>\n<meta property=\"og:type\" content=\"article\" \/>\n<meta property=\"og:title\" content=\"Donation Request Form\" \/>\n<meta property=\"og:description\" content=\"Donation Request We\u2019re proud to support the small cities we serve and are honored to be considered for your event. Because we receive more donation requests than we can fulfill, we focus our giving on city-sponsored events for clients we serve. While we may not be able to honor every request, we truly appreciate all [&hellip;]\" \/>\n<meta property=\"og:url\" content=\"https:\/\/bollig-engineering.com\/es\/donation-request\/\" \/>\n<meta property=\"og:site_name\" content=\"Bollig Engineering\" \/>\n<meta property=\"article:publisher\" content=\"https:\/\/www.facebook.com\/bolligengineering\/\" \/>\n<meta property=\"article:modified_time\" content=\"2025-06-02T20:38:57+00:00\" \/>\n<meta name=\"twitter:card\" content=\"summary_large_image\" \/>\n<meta name=\"twitter:site\" content=\"@BolligEngineer1\" \/>\n<meta name=\"twitter:label1\" content=\"Tiempo de lectura\" \/>\n\t<meta name=\"twitter:data1\" content=\"1 minuto\" \/>\n<script type=\"application\/ld+json\" class=\"yoast-schema-graph\">{\"@context\":\"https:\\\/\\\/schema.org\",\"@graph\":[{\"@type\":\"WebPage\",\"@id\":\"https:\\\/\\\/bollig-engineering.com\\\/donation-request\\\/\",\"url\":\"https:\\\/\\\/bollig-engineering.com\\\/donation-request\\\/\",\"name\":\"Donation Request Form - Bollig Engineering\",\"isPartOf\":{\"@id\":\"https:\\\/\\\/bollig-engineering.com\\\/#website\"},\"datePublished\":\"2025-05-29T11:40:04+00:00\",\"dateModified\":\"2025-06-02T20:38:57+00:00\",\"breadcrumb\":{\"@id\":\"https:\\\/\\\/bollig-engineering.com\\\/donation-request\\\/#breadcrumb\"},\"inLanguage\":\"es\",\"potentialAction\":[{\"@type\":\"ReadAction\",\"target\":[\"https:\\\/\\\/bollig-engineering.com\\\/donation-request\\\/\"]}]},{\"@type\":\"BreadcrumbList\",\"@id\":\"https:\\\/\\\/bollig-engineering.com\\\/donation-request\\\/#breadcrumb\",\"itemListElement\":[{\"@type\":\"ListItem\",\"position\":1,\"name\":\"Home\",\"item\":\"https:\\\/\\\/bollig-engineering.com\\\/\"},{\"@type\":\"ListItem\",\"position\":2,\"name\":\"Donation Request Form\"}]},{\"@type\":\"WebSite\",\"@id\":\"https:\\\/\\\/bollig-engineering.com\\\/#website\",\"url\":\"https:\\\/\\\/bollig-engineering.com\\\/\",\"name\":\"Bollig Engineering\",\"description\":\"Designed for Small Cities.\",\"publisher\":{\"@id\":\"https:\\\/\\\/bollig-engineering.com\\\/#organization\"},\"potentialAction\":[{\"@type\":\"SearchAction\",\"target\":{\"@type\":\"EntryPoint\",\"urlTemplate\":\"https:\\\/\\\/bollig-engineering.com\\\/?s={search_term_string}\"},\"query-input\":{\"@type\":\"PropertyValueSpecification\",\"valueRequired\":true,\"valueName\":\"search_term_string\"}}],\"inLanguage\":\"es\"},{\"@type\":\"Organization\",\"@id\":\"https:\\\/\\\/bollig-engineering.com\\\/#organization\",\"name\":\"Bollig Engineering\",\"alternateName\":\"Bollig Engineering\",\"url\":\"https:\\\/\\\/bollig-engineering.com\\\/\",\"logo\":{\"@type\":\"ImageObject\",\"inLanguage\":\"es\",\"@id\":\"https:\\\/\\\/bollig-engineering.com\\\/#\\\/schema\\\/logo\\\/image\\\/\",\"url\":\"https:\\\/\\\/bollig-engineering.com\\\/wp-content\\\/uploads\\\/2024\\\/01\\\/logo.svg\",\"contentUrl\":\"https:\\\/\\\/bollig-engineering.com\\\/wp-content\\\/uploads\\\/2024\\\/01\\\/logo.svg\",\"width\":348,\"height\":77,\"caption\":\"Bollig Engineering\"},\"image\":{\"@id\":\"https:\\\/\\\/bollig-engineering.com\\\/#\\\/schema\\\/logo\\\/image\\\/\"},\"sameAs\":[\"https:\\\/\\\/www.facebook.com\\\/bolligengineering\\\/\",\"https:\\\/\\\/x.com\\\/BolligEngineer1\",\"https:\\\/\\\/www.linkedin.com\\\/company\\\/bolligengineering\\\/\",\"https:\\\/\\\/www.instagram.com\\\/bolligengineering\\\/\",\"https:\\\/\\\/www.youtube.com\\\/@bolligengineering\"],\"email\":\"jkaufenberg@bollig-engineering.com\",\"telephone\":\"3202352555\",\"legalName\":\"Bollig Inc\"}]}<\/script>\n<!-- \/ Yoast SEO Premium plugin. -->","yoast_head_json":{"title":"Formulario de solicitud de donaci\u00f3n - Bollig Engineering","robots":{"index":"index","follow":"follow","max-snippet":"max-snippet:-1","max-image-preview":"max-image-preview:large","max-video-preview":"max-video-preview:-1"},"canonical":"https:\/\/bollig-engineering.com\/es\/donation-request\/","og_locale":"es_MX","og_type":"article","og_title":"Donation Request Form","og_description":"Donation Request We\u2019re proud to support the small cities we serve and are honored to be considered for your event. Because we receive more donation requests than we can fulfill, we focus our giving on city-sponsored events for clients we serve. While we may not be able to honor every request, we truly appreciate all [&hellip;]","og_url":"https:\/\/bollig-engineering.com\/es\/donation-request\/","og_site_name":"Bollig Engineering","article_publisher":"https:\/\/www.facebook.com\/bolligengineering\/","article_modified_time":"2025-06-02T20:38:57+00:00","twitter_card":"summary_large_image","twitter_site":"@BolligEngineer1","twitter_misc":{"Tiempo de lectura":"1 minuto"},"schema":{"@context":"https:\/\/schema.org","@graph":[{"@type":"WebPage","@id":"https:\/\/bollig-engineering.com\/donation-request\/","url":"https:\/\/bollig-engineering.com\/donation-request\/","name":"Formulario de solicitud de donaci\u00f3n - Bollig Engineering","isPartOf":{"@id":"https:\/\/bollig-engineering.com\/#website"},"datePublished":"2025-05-29T11:40:04+00:00","dateModified":"2025-06-02T20:38:57+00:00","breadcrumb":{"@id":"https:\/\/bollig-engineering.com\/donation-request\/#breadcrumb"},"inLanguage":"es","potentialAction":[{"@type":"ReadAction","target":["https:\/\/bollig-engineering.com\/donation-request\/"]}]},{"@type":"BreadcrumbList","@id":"https:\/\/bollig-engineering.com\/donation-request\/#breadcrumb","itemListElement":[{"@type":"ListItem","position":1,"name":"Home","item":"https:\/\/bollig-engineering.com\/"},{"@type":"ListItem","position":2,"name":"Donation Request Form"}]},{"@type":"WebSite","@id":"https:\/\/bollig-engineering.com\/#website","url":"https:\/\/bollig-engineering.com\/","name":"Ingenier\u00eda Bollig","description":"Dise\u00f1ado para ciudades peque\u00f1as.","publisher":{"@id":"https:\/\/bollig-engineering.com\/#organization"},"potentialAction":[{"@type":"SearchAction","target":{"@type":"EntryPoint","urlTemplate":"https:\/\/bollig-engineering.com\/?s={search_term_string}"},"query-input":{"@type":"PropertyValueSpecification","valueRequired":true,"valueName":"search_term_string"}}],"inLanguage":"es"},{"@type":"Organization","@id":"https:\/\/bollig-engineering.com\/#organization","name":"Ingenier\u00eda Bollig","alternateName":"Bollig Engineering","url":"https:\/\/bollig-engineering.com\/","logo":{"@type":"ImageObject","inLanguage":"es","@id":"https:\/\/bollig-engineering.com\/#\/schema\/logo\/image\/","url":"https:\/\/bollig-engineering.com\/wp-content\/uploads\/2024\/01\/logo.svg","contentUrl":"https:\/\/bollig-engineering.com\/wp-content\/uploads\/2024\/01\/logo.svg","width":348,"height":77,"caption":"Bollig Engineering"},"image":{"@id":"https:\/\/bollig-engineering.com\/#\/schema\/logo\/image\/"},"sameAs":["https:\/\/www.facebook.com\/bolligengineering\/","https:\/\/x.com\/BolligEngineer1","https:\/\/www.linkedin.com\/company\/bolligengineering\/","https:\/\/www.instagram.com\/bolligengineering\/","https:\/\/www.youtube.com\/@bolligengineering"],"email":"jkaufenberg@bollig-engineering.com","telephone":"3202352555","legalName":"Bollig Inc"}]}},"_links":{"self":[{"href":"https:\/\/bollig-engineering.com\/es\/wp-json\/wp\/v2\/pages\/4666","targetHints":{"allow":["GET"]}}],"collection":[{"href":"https:\/\/bollig-engineering.com\/es\/wp-json\/wp\/v2\/pages"}],"about":[{"href":"https:\/\/bollig-engineering.com\/es\/wp-json\/wp\/v2\/types\/page"}],"author":[{"embeddable":true,"href":"https:\/\/bollig-engineering.com\/es\/wp-json\/wp\/v2\/users\/1"}],"replies":[{"embeddable":true,"href":"https:\/\/bollig-engineering.com\/es\/wp-json\/wp\/v2\/comments?post=4666"}],"version-history":[{"count":0,"href":"https:\/\/bollig-engineering.com\/es\/wp-json\/wp\/v2\/pages\/4666\/revisions"}],"wp:attachment":[{"href":"https:\/\/bollig-engineering.com\/es\/wp-json\/wp\/v2\/media?parent=4666"}],"curies":[{"name":"gracias","href":"https:\/\/api.w.org\/{rel}","templated":true}]}}