{"id":3,"date":"2023-10-23T17:17:46","date_gmt":"2023-10-23T17:17:46","guid":{"rendered":"https:\/\/bollig-engineering.com\/?page_id=3"},"modified":"2025-10-30T10:24:39","modified_gmt":"2025-10-30T15:24:39","slug":"privacy-policy","status":"publish","type":"page","link":"https:\/\/bollig-engineering.com\/es\/privacy-policy\/","title":{"rendered":"pol\u00edtica de privacidad"},"content":{"rendered":"<div data-elementor-type=\"wp-page\" data-elementor-id=\"3\" class=\"elementor elementor-3\" data-elementor-post-type=\"page\">\n\t\t\t\t<div class=\"elementor-element elementor-element-c318b10 e-flex e-con-boxed e-con e-parent\" data-id=\"c318b10\" data-element_type=\"container\" data-e-type=\"container\" data-settings=\"{&quot;background_background&quot;:&quot;classic&quot;,&quot;jet_parallax_layout_list&quot;:[]}\">\n\t\t\t\t\t<div class=\"e-con-inner\">\n\t\t<div class=\"elementor-element elementor-element-0709168 e-flex e-con-boxed e-con e-child\" data-id=\"0709168\" data-element_type=\"container\" data-e-type=\"container\" data-settings=\"{&quot;background_background&quot;:&quot;classic&quot;,&quot;jet_parallax_layout_list&quot;:[]}\">\n\t\t\t\t\t<div class=\"e-con-inner\">\n\t\t\t\t<div class=\"elementor-element elementor-element-875dd28 elementor-widget elementor-widget-breadcrumbs\" data-id=\"875dd28\" data-element_type=\"widget\" data-e-type=\"widget\" data-widget_type=\"breadcrumbs.default\">\n\t\t\t\t<div class=\"elementor-widget-container\">\n\t\t\t\t\t<p id=\"breadcrumbs\"><span><span><a href=\"https:\/\/bollig-engineering.com\/es\/\">Hogar<\/a><\/span><\/span><\/p>\t\t\t\t<\/div>\n\t\t\t\t<\/div>\n\t\t\t\t\t<\/div>\n\t\t\t\t<\/div>\n\t\t\t\t\t<\/div>\n\t\t\t\t<\/div>\n\t\t<div class=\"elementor-element elementor-element-cfc9cc4 e-flex e-con-boxed e-con e-parent\" data-id=\"cfc9cc4\" data-element_type=\"container\" data-e-type=\"container\" data-settings=\"{&quot;jet_parallax_layout_list&quot;:[]}\">\n\t\t\t\t\t<div class=\"e-con-inner\">\n\t\t\t\t<div class=\"elementor-element elementor-element-f935f4e elementor-widget elementor-widget-text-editor\" data-id=\"f935f4e\" data-element_type=\"widget\" data-e-type=\"widget\" data-widget_type=\"text-editor.default\">\n\t\t\t\t<div class=\"elementor-widget-container\">\n\t\t\t\t\t\t\t\t\t<p><b>Fecha de entrada en vigor:<\/b> 1 de septiembre de 2025<\/p><p data-start=\"207\" data-end=\"430\">En Bollig Engineering, su privacidad es importante para nosotros. Esta Pol\u00edtica de Privacidad explica c\u00f3mo recopilamos, usamos y protegemos su informaci\u00f3n cuando interact\u00faa con nuestro sitio web, comunicaciones por correo electr\u00f3nico y servicios de mensajer\u00eda de texto.<\/p><h3 data-start=\"432\" data-end=\"463\"><strong>1. Informaci\u00f3n que recopilamos<\/strong><\/h3><ul data-start=\"464\" data-end=\"734\"><li data-start=\"464\" data-end=\"547\"><p data-start=\"466\" data-end=\"547\">Informaci\u00f3n personal que usted proporciona (como su nombre, correo electr\u00f3nico, n\u00famero de tel\u00e9fono o direcci\u00f3n) cuando completa un formulario de contacto, se suscribe a comunicaciones o solicita informaci\u00f3n.<\/p><\/li><li data-start=\"464\" data-end=\"547\">Informaci\u00f3n no personal (como el tipo de navegador, el dispositivo, la direcci\u00f3n IP y las p\u00e1ginas visitadas) recopilada a trav\u00e9s de herramientas como Google Analytics para ayudarnos a mejorar nuestro sitio web.<\/li><\/ul><h3 data-start=\"736\" data-end=\"772\"><strong data-start=\"736\" data-end=\"770\">2. C\u00f3mo utilizamos su informaci\u00f3n<\/strong><\/h3><ul data-start=\"773\" data-end=\"1042\"><li data-start=\"773\" data-end=\"920\"><p data-start=\"775\" data-end=\"920\">Para enviarle mensajes SMS con actualizaciones, informaci\u00f3n relevante o para responder a sus preguntas o solicitudes. La frecuencia de los mensajes puede variar. Se pueden aplicar tarifas de mensajes y datos.<\/p><\/li><li data-start=\"921\" data-end=\"1042\"><p data-start=\"923\" data-end=\"1042\">Para enviar comunicaciones de marketing por correo electr\u00f3nico. Cada correo electr\u00f3nico incluye un enlace para darse de baja, lo que le permite cancelar la suscripci\u00f3n en cualquier momento.<\/p><\/li><li data-start=\"921\" data-end=\"1042\">Podemos utilizar herramientas como el p\u00edxel de Meta (Facebook) para comprender mejor la actividad del sitio web y, ocasionalmente, para ofrecer anuncios m\u00e1s relevantes en Facebook o Instagram.<\/li><li data-start=\"921\" data-end=\"1042\">Para mejorar nuestro sitio web, proporcionar servicios y cumplir con los requisitos legales o reglamentarios.<\/li><\/ul><h3 data-start=\"1044\" data-end=\"1065\"><strong data-start=\"1044\" data-end=\"1063\">3. Tus opciones<\/strong><\/h3><ul data-start=\"1066\" data-end=\"1271\"><li data-start=\"1066\" data-end=\"1184\"><p data-start=\"1068\" data-end=\"1184\"><strong data-start=\"1068\" data-end=\"1085\">Mensajes SMS:<\/strong> Puedes darte de baja en cualquier momento respondiendo <strong data-start=\"1126\" data-end=\"1134\">DETENER<\/strong> a cualquier mensaje. Para obtener ayuda, responda <strong data-start=\"1173\" data-end=\"1181\">AYUDA<\/strong>.<\/p><\/li><li data-start=\"1185\" data-end=\"1271\"><p data-start=\"1187\" data-end=\"1271\"><strong data-start=\"1187\" data-end=\"1197\">Correo electr\u00f3nico:<\/strong> Puedes darte de baja en cualquier momento utilizando el enlace que se proporciona en cada correo electr\u00f3nico.<\/p><\/li><li data-start=\"1185\" data-end=\"1271\"><strong data-start=\"494\" data-end=\"522\">Preferencias publicitarias:<\/strong> Puedes gestionar tus preferencias de anuncios directamente en tu cuenta de Facebook visitando <a class=\"decorated-link\" href=\"https:\/\/www.facebook.com\/adpreferences\/ad_settings\" target=\"_new\" rel=\"noopener\" data-start=\"604\" data-end=\"681\">Preferencias de anuncios de Facebook<\/a>. Tambi\u00e9n puede optar por no recibir publicidad dirigida ajustando la configuraci\u00f3n de su navegador o visitando el sitio web. <a class=\"decorated-link cursor-pointer\" href=\"https:\/\/optout.aboutads.info\/\" target=\"_blank\" rel=\"noopener\" data-start=\"779\" data-end=\"853\">P\u00e1gina de exclusi\u00f3n voluntaria de la Alianza de Publicidad Digital.<\/a><\/li><\/ul><h3 data-start=\"1273\" data-end=\"1304\"><strong data-start=\"1273\" data-end=\"1302\">4. Intercambio de informaci\u00f3n<\/strong><\/h3><ul><li data-start=\"1511\" data-end=\"1633\">No vendemos ni compartimos su informaci\u00f3n personal con terceros para fines de marketing. Podemos compartir informaci\u00f3n con proveedores de servicios de confianza que nos ayudan a entregar nuestros correos electr\u00f3nicos, mensajes de texto o servicios web, pero no tienen permitido usar su informaci\u00f3n para sus propios fines.<\/li><li data-start=\"1511\" data-end=\"1633\"><p>No se compartir\u00e1 informaci\u00f3n m\u00f3vil con terceros ni afiliados con fines de marketing o promoci\u00f3n. Todas las dem\u00e1s categor\u00edas excluyen los datos de suscripci\u00f3n y consentimiento del remitente de los mensajes de texto; esta informaci\u00f3n no se compartir\u00e1 con terceros.<\/p><\/li><\/ul><h3 data-start=\"1635\" data-end=\"1807\"><strong data-start=\"1635\" data-end=\"1650\">5. Seguridad<\/strong><\/h3><p>Implementamos medidas t\u00e9cnicas y organizativas adecuadas para proteger su informaci\u00f3n personal contra el acceso, la divulgaci\u00f3n o la alteraci\u00f3n no autorizados. Sin embargo, ning\u00fan m\u00e9todo de transmisi\u00f3n o almacenamiento es completamente seguro, y no podemos garantizar la seguridad absoluta.<\/p><h3 data-start=\"1809\" data-end=\"1967\"><strong data-start=\"1809\" data-end=\"1838\">6. Cambios en esta pol\u00edtica<\/strong><\/h3><p>Es posible que actualicemos esta Pol\u00edtica de Privacidad peri\u00f3dicamente. Cualquier cambio se publicar\u00e1 en esta p\u00e1gina con una fecha de entrada en vigor actualizada.\u00a0<\/p><h3 data-start=\"1969\" data-end=\"2193\"><strong data-start=\"1969\" data-end=\"1986\">7. Cont\u00e1ctanos<\/strong><\/h3><p data-start=\"1969\" data-end=\"2193\">Si tiene alguna pregunta o inquietud sobre esta Pol\u00edtica de Privacidad, p\u00f3ngase en contacto con nosotros en:<br data-start=\"2111\" data-end=\"2114\" \/><strong data-start=\"2114\" data-end=\"2126\">Sitio web:<\/strong> <a class=\"decorated-link\" href=\"https:\/\/bollig-engineering.com\/es\/contact\/\" target=\"_new\" rel=\"noopener\" data-start=\"2127\" data-end=\"2191\">https:\/\/bollig-engineering.com\/contact\/<\/a><\/p>\t\t\t\t\t\t\t\t<\/div>\n\t\t\t\t<\/div>\n\t\t\t\t\t<\/div>\n\t\t\t\t<\/div>\n\t\t\t\t<\/div>","protected":false},"excerpt":{"rendered":"<p>Effective Date: 1 September 2025 At Bollig Engineering, your privacy is important to us. This Privacy Policy explains how we collect, use, and protect your information when you interact with our website, email communications, and text messaging services. 1. Information We Collect Personal information you provide (such as your name, email, phone number, or address) [&hellip;]<\/p>\n","protected":false},"author":1,"featured_media":0,"parent":0,"menu_order":0,"comment_status":"closed","ping_status":"open","template":"elementor_header_footer","meta":{"footnotes":""},"class_list":["post-3","page","type-page","status-publish","hentry"],"yoast_head":"<!-- This site is optimized with the Yoast SEO Premium plugin v27.3 (Yoast SEO v27.3) - https:\/\/yoast.com\/product\/yoast-seo-premium-wordpress\/ -->\n<title>Privacy Policy - Bollig Engineering<\/title>\n<meta name=\"robots\" content=\"index, follow, max-snippet:-1, max-image-preview:large, max-video-preview:-1\" \/>\n<link rel=\"canonical\" href=\"https:\/\/bollig-engineering.com\/es\/privacy-policy\/\" \/>\n<meta property=\"og:locale\" content=\"es_MX\" \/>\n<meta property=\"og:type\" content=\"article\" \/>\n<meta property=\"og:title\" content=\"Privacy Policy\" \/>\n<meta property=\"og:description\" content=\"Effective Date: 1 September 2025 At Bollig Engineering, your privacy is important to us. This Privacy Policy explains how we collect, use, and protect your information when you interact with our website, email communications, and text messaging services. 1. Information We Collect Personal information you provide (such as your name, email, phone number, or address) [&hellip;]\" \/>\n<meta property=\"og:url\" content=\"https:\/\/bollig-engineering.com\/es\/privacy-policy\/\" \/>\n<meta property=\"og:site_name\" content=\"Bollig Engineering\" \/>\n<meta property=\"article:publisher\" content=\"https:\/\/www.facebook.com\/bolligengineering\/\" \/>\n<meta property=\"article:modified_time\" content=\"2025-10-30T15:24:39+00:00\" \/>\n<meta name=\"twitter:card\" content=\"summary_large_image\" \/>\n<meta name=\"twitter:site\" content=\"@BolligEngineer1\" \/>\n<meta name=\"twitter:label1\" content=\"Tiempo de lectura\" \/>\n\t<meta name=\"twitter:data1\" content=\"2 minutos\" \/>\n<script type=\"application\/ld+json\" class=\"yoast-schema-graph\">{\"@context\":\"https:\\\/\\\/schema.org\",\"@graph\":[{\"@type\":\"WebPage\",\"@id\":\"https:\\\/\\\/bollig-engineering.com\\\/privacy-policy\\\/\",\"url\":\"https:\\\/\\\/bollig-engineering.com\\\/privacy-policy\\\/\",\"name\":\"Privacy Policy - Bollig Engineering\",\"isPartOf\":{\"@id\":\"https:\\\/\\\/bollig-engineering.com\\\/#website\"},\"datePublished\":\"2023-10-23T17:17:46+00:00\",\"dateModified\":\"2025-10-30T15:24:39+00:00\",\"breadcrumb\":{\"@id\":\"https:\\\/\\\/bollig-engineering.com\\\/privacy-policy\\\/#breadcrumb\"},\"inLanguage\":\"es\",\"potentialAction\":[{\"@type\":\"ReadAction\",\"target\":[\"https:\\\/\\\/bollig-engineering.com\\\/privacy-policy\\\/\"]}]},{\"@type\":\"BreadcrumbList\",\"@id\":\"https:\\\/\\\/bollig-engineering.com\\\/privacy-policy\\\/#breadcrumb\",\"itemListElement\":[{\"@type\":\"ListItem\",\"position\":1,\"name\":\"Home\",\"item\":\"https:\\\/\\\/bollig-engineering.com\\\/\"},{\"@type\":\"ListItem\",\"position\":2,\"name\":\"Privacy Policy\"}]},{\"@type\":\"WebSite\",\"@id\":\"https:\\\/\\\/bollig-engineering.com\\\/#website\",\"url\":\"https:\\\/\\\/bollig-engineering.com\\\/\",\"name\":\"Bollig Engineering\",\"description\":\"Designed for Small Cities.\",\"publisher\":{\"@id\":\"https:\\\/\\\/bollig-engineering.com\\\/#organization\"},\"potentialAction\":[{\"@type\":\"SearchAction\",\"target\":{\"@type\":\"EntryPoint\",\"urlTemplate\":\"https:\\\/\\\/bollig-engineering.com\\\/?s={search_term_string}\"},\"query-input\":{\"@type\":\"PropertyValueSpecification\",\"valueRequired\":true,\"valueName\":\"search_term_string\"}}],\"inLanguage\":\"es\"},{\"@type\":\"Organization\",\"@id\":\"https:\\\/\\\/bollig-engineering.com\\\/#organization\",\"name\":\"Bollig Engineering\",\"alternateName\":\"Bollig Engineering\",\"url\":\"https:\\\/\\\/bollig-engineering.com\\\/\",\"logo\":{\"@type\":\"ImageObject\",\"inLanguage\":\"es\",\"@id\":\"https:\\\/\\\/bollig-engineering.com\\\/#\\\/schema\\\/logo\\\/image\\\/\",\"url\":\"https:\\\/\\\/bollig-engineering.com\\\/wp-content\\\/uploads\\\/2024\\\/01\\\/logo.svg\",\"contentUrl\":\"https:\\\/\\\/bollig-engineering.com\\\/wp-content\\\/uploads\\\/2024\\\/01\\\/logo.svg\",\"width\":348,\"height\":77,\"caption\":\"Bollig Engineering\"},\"image\":{\"@id\":\"https:\\\/\\\/bollig-engineering.com\\\/#\\\/schema\\\/logo\\\/image\\\/\"},\"sameAs\":[\"https:\\\/\\\/www.facebook.com\\\/bolligengineering\\\/\",\"https:\\\/\\\/x.com\\\/BolligEngineer1\",\"https:\\\/\\\/www.linkedin.com\\\/company\\\/bolligengineering\\\/\",\"https:\\\/\\\/www.instagram.com\\\/bolligengineering\\\/\",\"https:\\\/\\\/www.youtube.com\\\/@bolligengineering\"],\"email\":\"jkaufenberg@bollig-engineering.com\",\"telephone\":\"3202352555\",\"legalName\":\"Bollig Inc\"}]}<\/script>\n<!-- \/ Yoast SEO Premium plugin. -->","yoast_head_json":{"title":"Privacy Policy - Bollig Engineering","robots":{"index":"index","follow":"follow","max-snippet":"max-snippet:-1","max-image-preview":"max-image-preview:large","max-video-preview":"max-video-preview:-1"},"canonical":"https:\/\/bollig-engineering.com\/es\/privacy-policy\/","og_locale":"es_MX","og_type":"article","og_title":"Privacy Policy","og_description":"Effective Date: 1 September 2025 At Bollig Engineering, your privacy is important to us. This Privacy Policy explains how we collect, use, and protect your information when you interact with our website, email communications, and text messaging services. 1. Information We Collect Personal information you provide (such as your name, email, phone number, or address) [&hellip;]","og_url":"https:\/\/bollig-engineering.com\/es\/privacy-policy\/","og_site_name":"Bollig Engineering","article_publisher":"https:\/\/www.facebook.com\/bolligengineering\/","article_modified_time":"2025-10-30T15:24:39+00:00","twitter_card":"summary_large_image","twitter_site":"@BolligEngineer1","twitter_misc":{"Tiempo de lectura":"2 minutos"},"schema":{"@context":"https:\/\/schema.org","@graph":[{"@type":"WebPage","@id":"https:\/\/bollig-engineering.com\/privacy-policy\/","url":"https:\/\/bollig-engineering.com\/privacy-policy\/","name":"Privacy Policy - Bollig Engineering","isPartOf":{"@id":"https:\/\/bollig-engineering.com\/#website"},"datePublished":"2023-10-23T17:17:46+00:00","dateModified":"2025-10-30T15:24:39+00:00","breadcrumb":{"@id":"https:\/\/bollig-engineering.com\/privacy-policy\/#breadcrumb"},"inLanguage":"es","potentialAction":[{"@type":"ReadAction","target":["https:\/\/bollig-engineering.com\/privacy-policy\/"]}]},{"@type":"BreadcrumbList","@id":"https:\/\/bollig-engineering.com\/privacy-policy\/#breadcrumb","itemListElement":[{"@type":"ListItem","position":1,"name":"Home","item":"https:\/\/bollig-engineering.com\/"},{"@type":"ListItem","position":2,"name":"Privacy Policy"}]},{"@type":"WebSite","@id":"https:\/\/bollig-engineering.com\/#website","url":"https:\/\/bollig-engineering.com\/","name":"Ingenier\u00eda Bollig","description":"Dise\u00f1ado para ciudades peque\u00f1as.","publisher":{"@id":"https:\/\/bollig-engineering.com\/#organization"},"potentialAction":[{"@type":"SearchAction","target":{"@type":"EntryPoint","urlTemplate":"https:\/\/bollig-engineering.com\/?s={search_term_string}"},"query-input":{"@type":"PropertyValueSpecification","valueRequired":true,"valueName":"search_term_string"}}],"inLanguage":"es"},{"@type":"Organization","@id":"https:\/\/bollig-engineering.com\/#organization","name":"Ingenier\u00eda Bollig","alternateName":"Bollig Engineering","url":"https:\/\/bollig-engineering.com\/","logo":{"@type":"ImageObject","inLanguage":"es","@id":"https:\/\/bollig-engineering.com\/#\/schema\/logo\/image\/","url":"https:\/\/bollig-engineering.com\/wp-content\/uploads\/2024\/01\/logo.svg","contentUrl":"https:\/\/bollig-engineering.com\/wp-content\/uploads\/2024\/01\/logo.svg","width":348,"height":77,"caption":"Bollig Engineering"},"image":{"@id":"https:\/\/bollig-engineering.com\/#\/schema\/logo\/image\/"},"sameAs":["https:\/\/www.facebook.com\/bolligengineering\/","https:\/\/x.com\/BolligEngineer1","https:\/\/www.linkedin.com\/company\/bolligengineering\/","https:\/\/www.instagram.com\/bolligengineering\/","https:\/\/www.youtube.com\/@bolligengineering"],"email":"jkaufenberg@bollig-engineering.com","telephone":"3202352555","legalName":"Bollig Inc"}]}},"_links":{"self":[{"href":"https:\/\/bollig-engineering.com\/es\/wp-json\/wp\/v2\/pages\/3","targetHints":{"allow":["GET"]}}],"collection":[{"href":"https:\/\/bollig-engineering.com\/es\/wp-json\/wp\/v2\/pages"}],"about":[{"href":"https:\/\/bollig-engineering.com\/es\/wp-json\/wp\/v2\/types\/page"}],"author":[{"embeddable":true,"href":"https:\/\/bollig-engineering.com\/es\/wp-json\/wp\/v2\/users\/1"}],"replies":[{"embeddable":true,"href":"https:\/\/bollig-engineering.com\/es\/wp-json\/wp\/v2\/comments?post=3"}],"version-history":[{"count":0,"href":"https:\/\/bollig-engineering.com\/es\/wp-json\/wp\/v2\/pages\/3\/revisions"}],"wp:attachment":[{"href":"https:\/\/bollig-engineering.com\/es\/wp-json\/wp\/v2\/media?parent=3"}],"curies":[{"name":"gracias","href":"https:\/\/api.w.org\/{rel}","templated":true}]}}